    {"id":1107,"date":"2024-04-15T15:46:58","date_gmt":"2024-04-15T18:46:58","guid":{"rendered":"https:\/\/www.visuclinic.com.br\/performance\/?page_id=1107"},"modified":"2024-04-15T15:55:26","modified_gmt":"2024-04-15T18:55:26","slug":"portfolio","status":"publish","type":"page","link":"https:\/\/www.visuclinic.com.br\/performance\/portfolio\/","title":{"rendered":"Portf\u00f3lio"},"content":{"rendered":"\t\t<div data-elementor-type=\"wp-page\" data-elementor-id=\"1107\" class=\"elementor elementor-1107\" data-elementor-post-type=\"page\">\n\t\t\t\t\t\t\t\t\t<section class=\"elementor-section elementor-top-section elementor-element elementor-element-243e437b elementor-reverse-mobile elementor-section-height-min-height elementor-section-boxed elementor-section-height-default elementor-section-items-middle\" data-id=\"243e437b\" data-element_type=\"section\" data-settings=\"{&quot;background_background&quot;:&quot;classic&quot;}\">\n\t\t\t\t\t\t\t<div class=\"elementor-background-overlay\"><\/div>\n\t\t\t\t\t\t\t<div class=\"elementor-container elementor-column-gap-default\">\n\t\t\t\t\t<div class=\"elementor-column elementor-col-100 elementor-top-column elementor-element elementor-element-697fa667\" data-id=\"697fa667\" data-element_type=\"column\">\n\t\t\t<div class=\"elementor-widget-wrap elementor-element-populated\">\n\t\t\t\t\t\t\t\t<div class=\"elementor-element elementor-element-e7db033 elementor-invisible elementor-widget elementor-widget-heading\" data-id=\"e7db033\" data-element_type=\"widget\" data-settings=\"{&quot;_animation&quot;:&quot;fadeInUp&quot;}\" data-widget_type=\"heading.default\">\n\t\t\t\t<div class=\"elementor-widget-container\">\n\t\t\t<style>\/*! elementor - v3.14.0 - 26-06-2023 *\/\n.elementor-heading-title{padding:0;margin:0;line-height:1}.elementor-widget-heading .elementor-heading-title[class*=elementor-size-]>a{color:inherit;font-size:inherit;line-height:inherit}.elementor-widget-heading .elementor-heading-title.elementor-size-small{font-size:15px}.elementor-widget-heading .elementor-heading-title.elementor-size-medium{font-size:19px}.elementor-widget-heading .elementor-heading-title.elementor-size-large{font-size:29px}.elementor-widget-heading .elementor-heading-title.elementor-size-xl{font-size:39px}.elementor-widget-heading .elementor-heading-title.elementor-size-xxl{font-size:59px}<\/style><h2 class=\"elementor-heading-title elementor-size-default\">Portf\u00f3lio<\/h2>\t\t<\/div>\n\t\t\t\t<\/div>\n\t\t\t\t\t<\/div>\n\t\t<\/div>\n\t\t\t\t\t\t\t<\/div>\n\t\t<\/section>\n\t\t\t\t<section class=\"elementor-section elementor-top-section elementor-element elementor-element-697adb23 elementor-section-boxed elementor-section-height-default elementor-section-height-default\" data-id=\"697adb23\" data-element_type=\"section\" id=\"sobre-a-visu\" data-settings=\"{&quot;background_background&quot;:&quot;classic&quot;}\">\n\t\t\t\t\t\t\t<div class=\"elementor-background-overlay\"><\/div>\n\t\t\t\t\t\t\t<div class=\"elementor-container elementor-column-gap-default\">\n\t\t\t\t\t<div class=\"elementor-column elementor-col-100 elementor-top-column elementor-element elementor-element-6c58ef00\" data-id=\"6c58ef00\" data-element_type=\"column\">\n\t\t\t<div class=\"elementor-widget-wrap elementor-element-populated\">\n\t\t\t\t\t\t\t\t<div class=\"elementor-element elementor-element-948c01b elementor-widget elementor-widget-html\" data-id=\"948c01b\" data-element_type=\"widget\" data-widget_type=\"html.default\">\n\t\t\t\t<div class=\"elementor-widget-container\">\n\t\t\t<div style=\"position: relative; width: 100%; height: 0; padding-top: 56.2500%;\n padding-bottom: 0; box-shadow: 0 2px 8px 0 rgba(63,69,81,0.16); margin-top: 1.6em; margin-bottom: 0.9em; overflow: hidden;\n border-radius: 8px; will-change: transform;\">\n  <iframe loading=\"lazy\" style=\"position: absolute; width: 100%; height: 100%; top: 0; left: 0; border: none; padding: 0;margin: 0;\"\n    src=\"https:&#x2F;&#x2F;www.canva.com&#x2F;design&#x2F;DAGCgn0JBFc&#x2F;UvqgJfvVUG3U5GaGslsswA&#x2F;view?embed\" allowfullscreen=\"allowfullscreen\" allow=\"fullscreen\">\n  <\/iframe>\n<\/div>\t\t<\/div>\n\t\t\t\t<\/div>\n\t\t\t\t\t<\/div>\n\t\t<\/div>\n\t\t\t\t\t\t\t<\/div>\n\t\t<\/section>\n\t\t\t\t\t\t\t<\/div>\n\t\t","protected":false},"excerpt":{"rendered":"<p>Portf\u00f3lio<\/p>\n","protected":false},"author":1,"featured_media":44,"parent":0,"menu_order":0,"comment_status":"closed","ping_status":"closed","template":"elementor_header_footer","meta":{"_monsterinsights_skip_tracking":false,"_monsterinsights_sitenote_active":false,"_monsterinsights_sitenote_note":"","_monsterinsights_sitenote_category":0,"_joinchat":[],"footnotes":""},"class_list":["post-1107","page","type-page","status-publish","has-post-thumbnail","hentry"],"aioseo_notices":[],"yoast_head":"<!-- This site is optimized with the Yoast SEO plugin v20.11 - https:\/\/yoast.com\/wordpress\/plugins\/seo\/ -->\n<title>Portf\u00f3lio - Performance e Est\u00e9tica<\/title>\n<meta name=\"description\" content=\"Servi\u00e7os relacionados ao condicionamento f\u00edsico, treinamento esportivo e est\u00e9tica. Localizados no bairro Jardins, em S\u00e3o Paulo.\" \/>\n<meta name=\"robots\" content=\"index, follow, max-snippet:-1, max-image-preview:large, max-video-preview:-1\" \/>\n<link rel=\"canonical\" href=\"https:\/\/www.visuclinic.com.br\/performance\/portfolio\/\" \/>\n<meta property=\"og:locale\" content=\"pt_BR\" \/>\n<meta property=\"og:type\" content=\"article\" \/>\n<meta property=\"og:title\" content=\"Portf\u00f3lio - Performance e Est\u00e9tica\" \/>\n<meta property=\"og:description\" content=\"Servi\u00e7os relacionados ao condicionamento f\u00edsico, treinamento esportivo e est\u00e9tica. Localizados no bairro Jardins, em S\u00e3o Paulo.\" \/>\n<meta property=\"og:url\" content=\"https:\/\/www.visuclinic.com.br\/performance\/portfolio\/\" \/>\n<meta property=\"og:site_name\" content=\"Performance e Est\u00e9tica\" \/>\n<meta property=\"article:modified_time\" content=\"2024-04-15T18:55:26+00:00\" \/>\n<meta property=\"og:image\" content=\"https:\/\/www.visuclinic.com.br\/performance\/wp-content\/uploads\/2023\/07\/slider-visu-performance-estetica.jpg\" \/>\n\t<meta property=\"og:image:width\" content=\"1920\" \/>\n\t<meta property=\"og:image:height\" content=\"1080\" \/>\n\t<meta property=\"og:image:type\" content=\"image\/jpeg\" \/>\n<meta name=\"twitter:card\" content=\"summary_large_image\" \/>\n<meta name=\"twitter:label1\" content=\"Est. tempo de leitura\" \/>\n\t<meta name=\"twitter:data1\" content=\"1 minuto\" \/>\n<script type=\"application\/ld+json\" class=\"yoast-schema-graph\">{\"@context\":\"https:\/\/schema.org\",\"@graph\":[{\"@type\":\"WebPage\",\"@id\":\"https:\/\/www.visuclinic.com.br\/performance\/portfolio\/\",\"url\":\"https:\/\/www.visuclinic.com.br\/performance\/portfolio\/\",\"name\":\"Portf\u00f3lio - Performance e Est\u00e9tica\",\"isPartOf\":{\"@id\":\"https:\/\/www.visuclinic.com.br\/performance\/#website\"},\"datePublished\":\"2024-04-15T18:46:58+00:00\",\"dateModified\":\"2024-04-15T18:55:26+00:00\",\"description\":\"Servi\u00e7os relacionados ao condicionamento f\u00edsico, treinamento esportivo e est\u00e9tica. Localizados no bairro Jardins, em S\u00e3o Paulo.\",\"breadcrumb\":{\"@id\":\"https:\/\/www.visuclinic.com.br\/performance\/portfolio\/#breadcrumb\"},\"inLanguage\":\"pt-BR\",\"potentialAction\":[{\"@type\":\"ReadAction\",\"target\":[\"https:\/\/www.visuclinic.com.br\/performance\/portfolio\/\"]}]},{\"@type\":\"BreadcrumbList\",\"@id\":\"https:\/\/www.visuclinic.com.br\/performance\/portfolio\/#breadcrumb\",\"itemListElement\":[{\"@type\":\"ListItem\",\"position\":1,\"name\":\"In\u00edcio\",\"item\":\"https:\/\/www.visuclinic.com.br\/performance\/\"},{\"@type\":\"ListItem\",\"position\":2,\"name\":\"Portf\u00f3lio\"}]},{\"@type\":\"WebSite\",\"@id\":\"https:\/\/www.visuclinic.com.br\/performance\/#website\",\"url\":\"https:\/\/www.visuclinic.com.br\/performance\/\",\"name\":\"Performance e Est\u00e9tica\",\"description\":\"\",\"publisher\":{\"@id\":\"https:\/\/www.visuclinic.com.br\/performance\/#organization\"},\"potentialAction\":[{\"@type\":\"SearchAction\",\"target\":{\"@type\":\"EntryPoint\",\"urlTemplate\":\"https:\/\/www.visuclinic.com.br\/performance\/?s={search_term_string}\"},\"query-input\":\"required name=search_term_string\"}],\"inLanguage\":\"pt-BR\"},{\"@type\":\"Organization\",\"@id\":\"https:\/\/www.visuclinic.com.br\/performance\/#organization\",\"name\":\"Performance e Est\u00e9tica\",\"url\":\"https:\/\/www.visuclinic.com.br\/performance\/\",\"logo\":{\"@type\":\"ImageObject\",\"inLanguage\":\"pt-BR\",\"@id\":\"https:\/\/www.visuclinic.com.br\/performance\/#\/schema\/logo\/image\/\",\"url\":\"https:\/\/www.visuclinic.com.br\/performance\/wp-content\/uploads\/2023\/07\/logo-visu-performance-corrigido-2.svg\",\"contentUrl\":\"https:\/\/www.visuclinic.com.br\/performance\/wp-content\/uploads\/2023\/07\/logo-visu-performance-corrigido-2.svg\",\"caption\":\"Performance e Est\u00e9tica\"},\"image\":{\"@id\":\"https:\/\/www.visuclinic.com.br\/performance\/#\/schema\/logo\/image\/\"}}]}<\/script>\n<!-- \/ Yoast SEO plugin. -->","yoast_head_json":{"title":"Portf\u00f3lio - Performance e Est\u00e9tica","description":"Servi\u00e7os relacionados ao condicionamento f\u00edsico, treinamento esportivo e est\u00e9tica. Localizados no bairro Jardins, em S\u00e3o Paulo.","robots":{"index":"index","follow":"follow","max-snippet":"max-snippet:-1","max-image-preview":"max-image-preview:large","max-video-preview":"max-video-preview:-1"},"canonical":"https:\/\/www.visuclinic.com.br\/performance\/portfolio\/","og_locale":"pt_BR","og_type":"article","og_title":"Portf\u00f3lio - Performance e Est\u00e9tica","og_description":"Servi\u00e7os relacionados ao condicionamento f\u00edsico, treinamento esportivo e est\u00e9tica. Localizados no bairro Jardins, em S\u00e3o Paulo.","og_url":"https:\/\/www.visuclinic.com.br\/performance\/portfolio\/","og_site_name":"Performance e Est\u00e9tica","article_modified_time":"2024-04-15T18:55:26+00:00","og_image":[{"width":1920,"height":1080,"url":"https:\/\/www.visuclinic.com.br\/performance\/wp-content\/uploads\/2023\/07\/slider-visu-performance-estetica.jpg","type":"image\/jpeg"}],"twitter_card":"summary_large_image","twitter_misc":{"Est. tempo de leitura":"1 minuto"},"schema":{"@context":"https:\/\/schema.org","@graph":[{"@type":"WebPage","@id":"https:\/\/www.visuclinic.com.br\/performance\/portfolio\/","url":"https:\/\/www.visuclinic.com.br\/performance\/portfolio\/","name":"Portf\u00f3lio - Performance e Est\u00e9tica","isPartOf":{"@id":"https:\/\/www.visuclinic.com.br\/performance\/#website"},"datePublished":"2024-04-15T18:46:58+00:00","dateModified":"2024-04-15T18:55:26+00:00","description":"Servi\u00e7os relacionados ao condicionamento f\u00edsico, treinamento esportivo e est\u00e9tica. Localizados no bairro Jardins, em S\u00e3o Paulo.","breadcrumb":{"@id":"https:\/\/www.visuclinic.com.br\/performance\/portfolio\/#breadcrumb"},"inLanguage":"pt-BR","potentialAction":[{"@type":"ReadAction","target":["https:\/\/www.visuclinic.com.br\/performance\/portfolio\/"]}]},{"@type":"BreadcrumbList","@id":"https:\/\/www.visuclinic.com.br\/performance\/portfolio\/#breadcrumb","itemListElement":[{"@type":"ListItem","position":1,"name":"In\u00edcio","item":"https:\/\/www.visuclinic.com.br\/performance\/"},{"@type":"ListItem","position":2,"name":"Portf\u00f3lio"}]},{"@type":"WebSite","@id":"https:\/\/www.visuclinic.com.br\/performance\/#website","url":"https:\/\/www.visuclinic.com.br\/performance\/","name":"Performance e Est\u00e9tica","description":"","publisher":{"@id":"https:\/\/www.visuclinic.com.br\/performance\/#organization"},"potentialAction":[{"@type":"SearchAction","target":{"@type":"EntryPoint","urlTemplate":"https:\/\/www.visuclinic.com.br\/performance\/?s={search_term_string}"},"query-input":"required name=search_term_string"}],"inLanguage":"pt-BR"},{"@type":"Organization","@id":"https:\/\/www.visuclinic.com.br\/performance\/#organization","name":"Performance e Est\u00e9tica","url":"https:\/\/www.visuclinic.com.br\/performance\/","logo":{"@type":"ImageObject","inLanguage":"pt-BR","@id":"https:\/\/www.visuclinic.com.br\/performance\/#\/schema\/logo\/image\/","url":"https:\/\/www.visuclinic.com.br\/performance\/wp-content\/uploads\/2023\/07\/logo-visu-performance-corrigido-2.svg","contentUrl":"https:\/\/www.visuclinic.com.br\/performance\/wp-content\/uploads\/2023\/07\/logo-visu-performance-corrigido-2.svg","caption":"Performance e Est\u00e9tica"},"image":{"@id":"https:\/\/www.visuclinic.com.br\/performance\/#\/schema\/logo\/image\/"}}]}},"_links":{"self":[{"href":"https:\/\/www.visuclinic.com.br\/performance\/wp-json\/wp\/v2\/pages\/1107","targetHints":{"allow":["GET"]}}],"collection":[{"href":"https:\/\/www.visuclinic.com.br\/performance\/wp-json\/wp\/v2\/pages"}],"about":[{"href":"https:\/\/www.visuclinic.com.br\/performance\/wp-json\/wp\/v2\/types\/page"}],"author":[{"embeddable":true,"href":"https:\/\/www.visuclinic.com.br\/performance\/wp-json\/wp\/v2\/users\/1"}],"replies":[{"embeddable":true,"href":"https:\/\/www.visuclinic.com.br\/performance\/wp-json\/wp\/v2\/comments?post=1107"}],"version-history":[{"count":7,"href":"https:\/\/www.visuclinic.com.br\/performance\/wp-json\/wp\/v2\/pages\/1107\/revisions"}],"predecessor-version":[{"id":1114,"href":"https:\/\/www.visuclinic.com.br\/performance\/wp-json\/wp\/v2\/pages\/1107\/revisions\/1114"}],"wp:featuredmedia":[{"embeddable":true,"href":"https:\/\/www.visuclinic.com.br\/performance\/wp-json\/wp\/v2\/media\/44"}],"wp:attachment":[{"href":"https:\/\/www.visuclinic.com.br\/performance\/wp-json\/wp\/v2\/media?parent=1107"}],"curies":[{"name":"wp","href":"https:\/\/api.w.org\/{rel}","templated":true}]}}